{"id":104,"date":"2021-06-20T16:43:46","date_gmt":"2021-06-20T16:43:46","guid":{"rendered":"https:\/\/eafc-thuin.be\/?page_id=104"},"modified":"2022-06-29T09:34:38","modified_gmt":"2022-06-29T09:34:38","slug":"langues","status":"publish","type":"page","link":"https:\/\/eafc-thuin.be\/index.php\/langues\/","title":{"rendered":"Langues &#8211; Anglais"},"content":{"rendered":"<p><span style=\"text-decoration: underline; color: #3366ff;\"><strong>Pour :<\/strong><\/span><br \/>\ntout public, demandeur d&#8217;emploi, et titulaire d&rsquo;un certificat d&rsquo;enseignement secondaire inf\u00e9rieur (si pas vous pr\u00e9senterez un test d&rsquo;admission).<\/p>\n<p><strong><span class=\"JsGRdQ\"><span style=\"text-decoration: underline;\"><span style=\"color: #3366ff; text-decoration: underline;\">Objectifs de la formation :<\/span><\/span><br \/>\n<\/span><\/strong><\/p>\n<p class=\"_04xlpA direction-ltr align-center para-style-body\"><span class=\"JsGRdQ\">Les composantes linguistiques (lexicales, grammaticales, s\u00e9mantiques, phonologiques et orthographiques), sociolinguistiques et pragmatiques de la comp\u00e9tence \u00e0 communiquer langagi\u00e8rement seront d\u00e9velopp\u00e9es \u00e0 partir de situations de communication afin d&rsquo;amener les \u00e9tudiants \u00e0 :<\/span><\/p>\n<p class=\"_04xlpA direction-ltr align-center para-style-body\" style=\"padding-left: 40px;\"><span class=\"JsGRdQ\">\u2022 comprendre des messages oraux ;<br \/>\n<\/span><span class=\"JsGRdQ\">\u2022 comprendre des messages \u00e9crits ;<br \/>\n<\/span><span class=\"JsGRdQ\">\u2022 prendre part \u00e0 une conversation ;<br \/>\n<\/span><span class=\"JsGRdQ\">\u2022 s&rsquo;exprimer oralement en continu ;<br \/>\n<\/span><span class=\"JsGRdQ\">\u2022 s&rsquo;exprimer par \u00e9crit.<\/span><strong><span class=\"JsGRdQ\"><br \/>\n<\/span><\/strong><\/p>\n<p><span style=\"text-decoration: underline;\"><strong><span class=\"JsGRdQ\" style=\"color: #3366ff; text-decoration: underline;\">Finalit\u00e9s particuli\u00e8res des unit\u00e9 de langue :<\/span><\/strong><\/span><\/p>\n<p><span class=\"JsGRdQ\">L&rsquo;unit\u00e9 d&rsquo;enseignement vise \u00e0 amener l&rsquo;\u00e9tudiant \u00e0 la compr\u00e9hension globale et l&rsquo;utilisation active et spontan\u00e9e d&rsquo;expressions famili\u00e8res et d&rsquo;\u00e9nonc\u00e9s simples afin de satisfaire des besoins concrets dans le cadre de situations de communication de la vie quotidienne.<\/span><\/p>\n<p><span style=\"color: #3366ff;\"><strong><span style=\"text-decoration: underline;\"><span class=\"JsGRdQ\">Unit\u00e9s d&rsquo;enseignement<\/span> :<\/span><\/strong><\/span><\/p>\n<p class=\"_04xlpA direction-ltr align-center para-style-body\"><span class=\"JsGRdQ\">\u2022 Anglais UE 1 (120 p.)<br \/>\n<\/span><span class=\"JsGRdQ\">\u2022 Anglais UE 2 (120 p.)<br \/>\n<\/span><span class=\"JsGRdQ\">\u2022 Anglais UE 4 (120 p.)<br \/>\n<\/span><span class=\"JsGRdQ\">\u2022 Anglais UE 6 (120 p.)<\/span><\/p>\n<p class=\"_04xlpA direction-ltr align-center para-style-body\"><span style=\"color: #3366ff;\"><strong><span class=\"JsGRdQ\">Horaire <\/span>:<\/strong><\/span><\/p>\n<p><a href=\"https:\/\/eafc-thuin.be\/index.php\/horaire-langues\/\"><img decoding=\"async\" class=\"alignnone size-full wp-image-269\" src=\"https:\/\/eafc-thuin.be\/wp-content\/uploads\/2022\/01\/Timing_Miniature.png\" alt=\"\" width=\"100\" height=\"100\" \/><\/a><\/p>\n","protected":false},"excerpt":{"rendered":"<p>Pour : tout public, demandeur d&#8217;emploi, et titulaire d&rsquo;un certificat d&rsquo;enseignement secondaire inf\u00e9rieur (si pas vous pr\u00e9senterez un test d&rsquo;admission). Objectifs de la formation : Les composantes linguistiques (lexicales, grammaticales, s\u00e9mantiques, phonologiques et orthographiques), sociolinguistiques et pragmatiques de la comp\u00e9tence \u00e0 communiquer langagi\u00e8rement seront d\u00e9velopp\u00e9es \u00e0 partir de situations de [&hellip;]<\/p>\n","protected":false},"author":1,"featured_media":0,"parent":0,"menu_order":0,"comment_status":"closed","ping_status":"closed","template":"","meta":{"_themeisle_gutenberg_block_has_review":false,"footnotes":""},"class_list":["post-104","page","type-page","status-publish","hentry"],"_links":{"self":[{"href":"https:\/\/eafc-thuin.be\/index.php\/wp-json\/wp\/v2\/pages\/104","targetHints":{"allow":["GET"]}}],"collection":[{"href":"https:\/\/eafc-thuin.be\/index.php\/wp-json\/wp\/v2\/pages"}],"about":[{"href":"https:\/\/eafc-thuin.be\/index.php\/wp-json\/wp\/v2\/types\/page"}],"author":[{"embeddable":true,"href":"https:\/\/eafc-thuin.be\/index.php\/wp-json\/wp\/v2\/users\/1"}],"replies":[{"embeddable":true,"href":"https:\/\/eafc-thuin.be\/index.php\/wp-json\/wp\/v2\/comments?post=104"}],"version-history":[{"count":7,"href":"https:\/\/eafc-thuin.be\/index.php\/wp-json\/wp\/v2\/pages\/104\/revisions"}],"predecessor-version":[{"id":465,"href":"https:\/\/eafc-thuin.be\/index.php\/wp-json\/wp\/v2\/pages\/104\/revisions\/465"}],"wp:attachment":[{"href":"https:\/\/eafc-thuin.be\/index.php\/wp-json\/wp\/v2\/media?parent=104"}],"curies":[{"name":"wp","href":"https:\/\/api.w.org\/{rel}","templated":true}]}}