{"id":217,"date":"2021-10-14T14:39:26","date_gmt":"2021-10-14T14:39:26","guid":{"rendered":"https:\/\/eafc-thuin.be\/?page_id=217"},"modified":"2026-02-02T12:01:11","modified_gmt":"2026-02-02T12:01:11","slug":"sm","status":"publish","type":"page","link":"https:\/\/eafc-thuin.be\/index.php\/sm\/","title":{"rendered":"Secr\u00e9tariat m\u00e9dical"},"content":{"rendered":"<h3><em><strong>Secr\u00e9tariat m\u00e9dical<\/strong><\/em><\/h3>\n<p><strong>Objectifs de la formation<\/strong><br \/>\n<span dir=\"ltr\" role=\"presentation\">La section doit permettre \u00e0 l\u2019\u00e9tudiant :<\/span><br role=\"presentation\" \/><span dir=\"ltr\" role=\"presentation\">\u2022<\/span> <span dir=\"ltr\" role=\"presentation\">d\u2019acqu\u00e9rir des savoirs, savoir-faire et savoir-\u00eatre en milieu scolaire et de confronter ses<\/span><br role=\"presentation\" \/><span dir=\"ltr\" role=\"presentation\">savoirs \u00e0 la pratique concr\u00e8te dans une entreprise ou un organisme relevant du milieu<\/span><br role=\"presentation\" \/><span dir=\"ltr\" role=\"presentation\">m\u00e9dical ;<\/span><br role=\"presentation\" \/><span dir=\"ltr\" role=\"presentation\">\u2022<\/span> <span dir=\"ltr\" role=\"presentation\">d\u2019approcher le monde du travail et du milieu m\u00e9dical ;<\/span><br role=\"presentation\" \/><span dir=\"ltr\" role=\"presentation\">\u2022<\/span> <span dir=\"ltr\" role=\"presentation\">de prendre en charge les probl\u00e8mes relatifs au travail administratif dans les h\u00f4pitaux et les<\/span><br role=\"presentation\" \/><span dir=\"ltr\" role=\"presentation\">organisations tant priv\u00e9es que publiques ;<\/span><br role=\"presentation\" \/><span dir=\"ltr\" role=\"presentation\">\u2022<\/span> <span dir=\"ltr\" role=\"presentation\">de s\u2019int\u00e9grer dans une \u00e9quipe de travail ;<\/span><br role=\"presentation\" \/><span dir=\"ltr\" role=\"presentation\">\u2022<\/span> <span dir=\"ltr\" role=\"presentation\">de mener \u00e0 bien l\u2019\u00e9laboration et le d\u00e9veloppement d\u2019un projet professionnel, avec le degr\u00e9<\/span><br role=\"presentation\" \/><span dir=\"ltr\" role=\"presentation\">d\u2019autonomie le plus large possible ;<\/span><br role=\"presentation\" \/><span dir=\"ltr\" role=\"presentation\">\u2022<\/span> <span dir=\"ltr\" role=\"presentation\">de<\/span> <span dir=\"ltr\" role=\"presentation\">d\u00e9velopper<\/span> <span dir=\"ltr\" role=\"presentation\">les<\/span> <span dir=\"ltr\" role=\"presentation\">comp\u00e9tences<\/span> <span dir=\"ltr\" role=\"presentation\">professionnelles<\/span> <span dir=\"ltr\" role=\"presentation\">suffisantes<\/span> <span dir=\"ltr\" role=\"presentation\">pour<\/span> <span dir=\"ltr\" role=\"presentation\">assurer<\/span> <span dir=\"ltr\" role=\"presentation\">la<\/span> <span dir=\"ltr\" role=\"presentation\">saisie,<\/span><br role=\"presentation\" \/><span dir=\"ltr\" role=\"presentation\">l\u2019archivage,<\/span> <span dir=\"ltr\" role=\"presentation\">la gestion<\/span> <span dir=\"ltr\" role=\"presentation\">et<\/span> <span dir=\"ltr\" role=\"presentation\">le traitement<\/span> <span dir=\"ltr\" role=\"presentation\">des<\/span> <span dir=\"ltr\" role=\"presentation\">informations<\/span> <span dir=\"ltr\" role=\"presentation\">internes et externes d\u2019une<\/span><br role=\"presentation\" \/><span dir=\"ltr\" role=\"presentation\">entreprise ou d\u2019une organisation relevant du milieu m\u00e9dical.<\/span><\/p>\n<p><strong>Horaire<\/strong><\/p>\n<p>Les cours sont dispens\u00e9s en journ\u00e9e, de 8h30 \u00e0 16h00 \u00e0 partir du mois de septembre.<br \/>\nUn stage d\u00e9bute en avril.<\/p>\n<p><a href=\"https:\/\/eafc-thuin.be\/index.php\/horaire-secretariat-medical\/\"><img decoding=\"async\" class=\"alignnone wp-image-269 size-full\" src=\"https:\/\/eafc-thuin.be\/wp-content\/uploads\/2022\/01\/Timing_Miniature.png\" alt=\"\" width=\"100\" height=\"100\" \/><\/a><\/p>\n<p><strong>Titre obtenu<\/strong><br \/>\nAttestations de r\u00e9ussite au terme de chaque unit\u00e9 d&rsquo;enseignement.<\/p>\n","protected":false},"excerpt":{"rendered":"<p>Secr\u00e9tariat m\u00e9dical Objectifs de la formation La section doit permettre \u00e0 l\u2019\u00e9tudiant :\u2022 d\u2019acqu\u00e9rir des savoirs, savoir-faire et savoir-\u00eatre en milieu scolaire et de confronter sessavoirs \u00e0 la pratique concr\u00e8te dans une entreprise ou un organisme relevant du milieum\u00e9dical ;\u2022 d\u2019approcher le monde du travail et du milieu m\u00e9dical ;\u2022 [&hellip;]<\/p>\n","protected":false},"author":1,"featured_media":0,"parent":0,"menu_order":0,"comment_status":"closed","ping_status":"closed","template":"","meta":{"_themeisle_gutenberg_block_has_review":false,"footnotes":""},"class_list":["post-217","page","type-page","status-publish","hentry"],"_links":{"self":[{"href":"https:\/\/eafc-thuin.be\/index.php\/wp-json\/wp\/v2\/pages\/217","targetHints":{"allow":["GET"]}}],"collection":[{"href":"https:\/\/eafc-thuin.be\/index.php\/wp-json\/wp\/v2\/pages"}],"about":[{"href":"https:\/\/eafc-thuin.be\/index.php\/wp-json\/wp\/v2\/types\/page"}],"author":[{"embeddable":true,"href":"https:\/\/eafc-thuin.be\/index.php\/wp-json\/wp\/v2\/users\/1"}],"replies":[{"embeddable":true,"href":"https:\/\/eafc-thuin.be\/index.php\/wp-json\/wp\/v2\/comments?post=217"}],"version-history":[{"count":7,"href":"https:\/\/eafc-thuin.be\/index.php\/wp-json\/wp\/v2\/pages\/217\/revisions"}],"predecessor-version":[{"id":558,"href":"https:\/\/eafc-thuin.be\/index.php\/wp-json\/wp\/v2\/pages\/217\/revisions\/558"}],"wp:attachment":[{"href":"https:\/\/eafc-thuin.be\/index.php\/wp-json\/wp\/v2\/media?parent=217"}],"curies":[{"name":"wp","href":"https:\/\/api.w.org\/{rel}","templated":true}]}}