{"id":225,"date":"2021-10-14T14:46:45","date_gmt":"2021-10-14T14:46:45","guid":{"rendered":"https:\/\/eafc-thuin.be\/?page_id=225"},"modified":"2026-02-02T12:01:34","modified_gmt":"2026-02-02T12:01:34","slug":"va","status":"publish","type":"page","link":"https:\/\/eafc-thuin.be\/index.php\/va\/","title":{"rendered":"Vitrail d&rsquo;art"},"content":{"rendered":"<h3><em><strong>Vitrail d&rsquo;art<\/strong><\/em><\/h3>\n<p><strong>Horaire<\/strong><br \/>\nLes cours sont dispens\u00e9s 1 soir\u00e9e par semaine.<\/p>\n<p><a href=\"https:\/\/eafc-thuin.be\/index.php\/horaire-vitrail\/\"><img decoding=\"async\" class=\"alignnone wp-image-269 size-full\" src=\"https:\/\/eafc-thuin.be\/wp-content\/uploads\/2022\/01\/Timing_Miniature.png\" alt=\"\" width=\"100\" height=\"100\" \/><\/a><\/p>\n<p><strong>Titre obtenu<\/strong><br \/>\nAttestations de r\u00e9ussite au terme de chaque unit\u00e9 d&rsquo;enseignement.<\/p>\n<p>&nbsp;<\/p>\n","protected":false},"excerpt":{"rendered":"<p>Vitrail d&rsquo;art Horaire Les cours sont dispens\u00e9s 1 soir\u00e9e par semaine. Titre obtenu Attestations de r\u00e9ussite au terme de chaque unit\u00e9 d&rsquo;enseignement. &nbsp;<\/p>\n","protected":false},"author":1,"featured_media":0,"parent":0,"menu_order":0,"comment_status":"closed","ping_status":"closed","template":"","meta":{"_themeisle_gutenberg_block_has_review":false,"footnotes":""},"class_list":["post-225","page","type-page","status-publish","hentry"],"_links":{"self":[{"href":"https:\/\/eafc-thuin.be\/index.php\/wp-json\/wp\/v2\/pages\/225","targetHints":{"allow":["GET"]}}],"collection":[{"href":"https:\/\/eafc-thuin.be\/index.php\/wp-json\/wp\/v2\/pages"}],"about":[{"href":"https:\/\/eafc-thuin.be\/index.php\/wp-json\/wp\/v2\/types\/page"}],"author":[{"embeddable":true,"href":"https:\/\/eafc-thuin.be\/index.php\/wp-json\/wp\/v2\/users\/1"}],"replies":[{"embeddable":true,"href":"https:\/\/eafc-thuin.be\/index.php\/wp-json\/wp\/v2\/comments?post=225"}],"version-history":[{"count":6,"href":"https:\/\/eafc-thuin.be\/index.php\/wp-json\/wp\/v2\/pages\/225\/revisions"}],"predecessor-version":[{"id":560,"href":"https:\/\/eafc-thuin.be\/index.php\/wp-json\/wp\/v2\/pages\/225\/revisions\/560"}],"wp:attachment":[{"href":"https:\/\/eafc-thuin.be\/index.php\/wp-json\/wp\/v2\/media?parent=225"}],"curies":[{"name":"wp","href":"https:\/\/api.w.org\/{rel}","templated":true}]}}