{"id":235,"date":"2021-10-18T09:20:06","date_gmt":"2021-10-18T09:20:06","guid":{"rendered":"https:\/\/eafc-thuin.be\/?page_id=235"},"modified":"2021-10-18T09:20:06","modified_gmt":"2021-10-18T09:20:06","slug":"traitement-de-limage","status":"publish","type":"page","link":"https:\/\/eafc-thuin.be\/index.php\/traitement-de-limage\/","title":{"rendered":"Traitement de l&rsquo;image"},"content":{"rendered":"<p><strong>Objectifs de la formation<\/strong><\/p>\n<p>Cette formation vise \u00e0 permettre \u00e0 l&rsquo;\u00e9tudiant de retoucher, transformer des photos,&#8230; ( Photoshop )\u00a0 de cr\u00e9er son logo, de pr\u00e9parer de superbes titres pour des publicit\u00e9s, de cr\u00e9er des illustrations, &#8230; ( Illustrator )<\/p>\n<p><strong>Titre obtenu<\/strong><br \/>\nAttestations de r\u00e9ussite au terme de chaque unit\u00e9 d&rsquo;enseignement.<\/p>\n<p>&nbsp;<\/p>\n","protected":false},"excerpt":{"rendered":"<p>Objectifs de la formation Cette formation vise \u00e0 permettre \u00e0 l&rsquo;\u00e9tudiant de retoucher, transformer des photos,&#8230; ( Photoshop )\u00a0 de cr\u00e9er son logo, de pr\u00e9parer de superbes titres pour des publicit\u00e9s, de cr\u00e9er des illustrations, &#8230; ( Illustrator ) Titre obtenu Attestations de r\u00e9ussite au terme de chaque unit\u00e9 d&rsquo;enseignement. [&hellip;]<\/p>\n","protected":false},"author":1,"featured_media":0,"parent":0,"menu_order":0,"comment_status":"closed","ping_status":"closed","template":"","meta":{"_themeisle_gutenberg_block_has_review":false,"footnotes":""},"class_list":["post-235","page","type-page","status-publish","hentry"],"_links":{"self":[{"href":"https:\/\/eafc-thuin.be\/index.php\/wp-json\/wp\/v2\/pages\/235","targetHints":{"allow":["GET"]}}],"collection":[{"href":"https:\/\/eafc-thuin.be\/index.php\/wp-json\/wp\/v2\/pages"}],"about":[{"href":"https:\/\/eafc-thuin.be\/index.php\/wp-json\/wp\/v2\/types\/page"}],"author":[{"embeddable":true,"href":"https:\/\/eafc-thuin.be\/index.php\/wp-json\/wp\/v2\/users\/1"}],"replies":[{"embeddable":true,"href":"https:\/\/eafc-thuin.be\/index.php\/wp-json\/wp\/v2\/comments?post=235"}],"version-history":[{"count":1,"href":"https:\/\/eafc-thuin.be\/index.php\/wp-json\/wp\/v2\/pages\/235\/revisions"}],"predecessor-version":[{"id":236,"href":"https:\/\/eafc-thuin.be\/index.php\/wp-json\/wp\/v2\/pages\/235\/revisions\/236"}],"wp:attachment":[{"href":"https:\/\/eafc-thuin.be\/index.php\/wp-json\/wp\/v2\/media?parent=235"}],"curies":[{"name":"wp","href":"https:\/\/api.w.org\/{rel}","templated":true}]}}