{"id":255,"date":"2021-11-08T05:49:35","date_gmt":"2021-11-08T05:49:35","guid":{"rendered":"https:\/\/eafc-thuin.be\/?page_id=255"},"modified":"2026-02-02T12:01:22","modified_gmt":"2026-02-02T12:01:22","slug":"255-2","status":"publish","type":"page","link":"https:\/\/eafc-thuin.be\/index.php\/255-2\/","title":{"rendered":"Sensibilisation aux soins palliatifs"},"content":{"rendered":"<h3><em><strong>Sensibilisation aux soins palliatifs<\/strong><\/em><\/h3>\n<p><strong>Objectifs de la formation<\/strong><\/p>\n<p>Identifier les b\u00e9n\u00e9ficiaires.<br \/>\nRelever, d\u00e9crire les cat\u00e9gories d\u2019intervenants et leurs r\u00f4les et attitudes de chacun.<br \/>\nIdentifier les valeurs et les principes de la culture palliative.<br \/>\nIdentifier les missions et les relais possibles dans les structures du milieu palliatif.<br \/>\n&#8230;<\/p>\n<p><strong>Horaire<\/strong><br \/>\n&#8230;<\/p>\n<p><strong>Titre obtenu<\/strong><br \/>\nAttestations de r\u00e9ussite au terme de chaque unit\u00e9 d&rsquo;enseignement.<\/p>\n","protected":false},"excerpt":{"rendered":"<p>Sensibilisation aux soins palliatifs Objectifs de la formation Identifier les b\u00e9n\u00e9ficiaires. Relever, d\u00e9crire les cat\u00e9gories d\u2019intervenants et leurs r\u00f4les et attitudes de chacun. Identifier les valeurs et les principes de la culture palliative. Identifier les missions et les relais possibles dans les structures du milieu palliatif. &#8230; Horaire &#8230; Titre [&hellip;]<\/p>\n","protected":false},"author":1,"featured_media":0,"parent":0,"menu_order":0,"comment_status":"closed","ping_status":"closed","template":"","meta":{"_themeisle_gutenberg_block_has_review":false,"footnotes":""},"class_list":["post-255","page","type-page","status-publish","hentry"],"_links":{"self":[{"href":"https:\/\/eafc-thuin.be\/index.php\/wp-json\/wp\/v2\/pages\/255","targetHints":{"allow":["GET"]}}],"collection":[{"href":"https:\/\/eafc-thuin.be\/index.php\/wp-json\/wp\/v2\/pages"}],"about":[{"href":"https:\/\/eafc-thuin.be\/index.php\/wp-json\/wp\/v2\/types\/page"}],"author":[{"embeddable":true,"href":"https:\/\/eafc-thuin.be\/index.php\/wp-json\/wp\/v2\/users\/1"}],"replies":[{"embeddable":true,"href":"https:\/\/eafc-thuin.be\/index.php\/wp-json\/wp\/v2\/comments?post=255"}],"version-history":[{"count":2,"href":"https:\/\/eafc-thuin.be\/index.php\/wp-json\/wp\/v2\/pages\/255\/revisions"}],"predecessor-version":[{"id":559,"href":"https:\/\/eafc-thuin.be\/index.php\/wp-json\/wp\/v2\/pages\/255\/revisions\/559"}],"wp:attachment":[{"href":"https:\/\/eafc-thuin.be\/index.php\/wp-json\/wp\/v2\/media?parent=255"}],"curies":[{"name":"wp","href":"https:\/\/api.w.org\/{rel}","templated":true}]}}