{"id":492,"date":"2023-04-04T11:58:30","date_gmt":"2023-04-04T11:58:30","guid":{"rendered":"https:\/\/eafc-thuin.be\/?page_id=492"},"modified":"2023-04-11T11:50:24","modified_gmt":"2023-04-11T11:50:24","slug":"service-inclusion","status":"publish","type":"page","link":"https:\/\/eafc-thuin.be\/index.php\/service-inclusion\/","title":{"rendered":"Service inclusion"},"content":{"rendered":"<p><strong>L\u2019enseignement inclusif<\/strong><\/p>\n<p>L\u2019Enseignement de Promotion sociale est attentif au bien-\u00eatre de ses \u00e9tudiant\u00b7e\u00b7s. A cet effet, un service d\u2019accueil vous est propos\u00e9 dans chacun de nos \u00e9tablissements du r\u00e9seau WBE.<br \/>\nCe service s\u2019inscrit dans le cadre du d\u00e9cret du 30 juin 2016 relatif \u00e0 l\u2019enseignement de promotion sociale inclusif qui soutient un accompagnement p\u00e9dagogique personnalis\u00e9.<\/p>\n<p><strong>OBJECTIFS<\/strong><\/p>\n<ul>\n<li>Promouvoir votre \u00e9panouissement ;<\/li>\n<li>Favoriser l\u2019autonomie dans vos \u00e9tudes ;<\/li>\n<li>Encourager l\u2019inclusion au sein de l\u2019\u00e9cole.<\/li>\n<\/ul>\n<p><strong>COMMENT\u00a0?<\/strong><\/p>\n<p>En proposant une r\u00e9flexion conjointe et une recherche d\u2019am\u00e9nagements personnalis\u00e9s au niveau p\u00e9dagogique.<\/p>\n<p><strong>Qui peut introduire une demande ?<\/strong><\/p>\n<p>L\u2019\u00e9tudiant\u00b7e pr\u00e9sentant un trouble sp\u00e9cifique d\u2019apprentissage (TDA\/H, DYS\u2026), une maladie invalidante ou une d\u00e9ficience av\u00e9r\u00e9e.<\/p>\n<p><strong>Quand devez-vous introduire votre demande ?<\/strong><\/p>\n<p>Votre demande d\u2019am\u00e9nagement personnalis\u00e9 est r\u00e9dig\u00e9e avec l\u2019appui de la personne r\u00e9f\u00e9rente au moins 10 jours ouvrables avant le d\u00e9but de l\u2019unit\u00e9 d\u2019enseignement concern\u00e9e.<\/p>\n<p><strong>Quels sont les documents \u00e0 fournir ?<\/strong><\/p>\n<ul>\n<li>soit un document probant, c\u2019est-\u00e0-dire toute preuve ou attestation d\u00e9livr\u00e9e par une administration publique comp\u00e9tente ou toute d\u00e9cision judiciaire reconnaissant un handicap, une invalidit\u00e9, une maladie professionnelle, un accident de travail ou de droit commun ayant entra\u00een\u00e9 une incapacit\u00e9 permanente. Ces preuves et attestations sont \u00e9tablies par \u00e9crit ou sous toute autre forme impos\u00e9e par l\u2019organe charg\u00e9 de les d\u00e9livrer\u00a0;<\/li>\n<li>soit un rapport d\u2019un sp\u00e9cialiste du domaine m\u00e9dical ou param\u00e9dical concern\u00e9 ou d\u2019une \u00e9quipe pluridisciplinaire qui permettra d\u2019appr\u00e9hender les am\u00e9nagements raisonnables susceptibles d\u2019\u00eatre mis en \u0153uvre, lorsque l\u2019\u00e9tudiant\u00b7e fait \u00e9tat de besoins sp\u00e9cifiques en raison d\u2019un handicap, d\u2019une pathologie invalidante ou de troubles d\u2019apprentissage. Ce rapport date de moins d\u2019un an au moment de la demande.<\/li>\n<\/ul>\n<p><strong>Quelle d\u00e9marche devez-vous accomplir\u00a0?<\/strong><\/p>\n<ul>\n<li>Prendre contact avec la personne r\u00e9f\u00e9rente afin d\u2019introduire votre demande (Madame Vinciane Discart : secretariat@eafc-thuin.be);<\/li>\n<li>Demander, compl\u00e9ter, dater, signer et joindre les documents de reconnaissances mentionn\u00e9 au point pr\u00e9c\u00e9dent;<\/li>\n<li>Une fois compl\u00e8te, votre demande est soumise au Conseil des Etudes qui rendra une d\u00e9cision motiv\u00e9e ;<\/li>\n<li>Sous r\u00e9serve d\u2019acceptation, votre demande d\u2019am\u00e9nagement personnalis\u00e9 sera \u00e9valu\u00e9e de mani\u00e8re continue et adapt\u00e9e si n\u00e9cessaire, en fonction de vos besoins.<\/li>\n<\/ul>\n<p>&nbsp;<\/p>\n<p><strong>Contact<\/strong><\/p>\n<p>Madame Discart Vinciane<\/p>\n<p>secretariat@eafc-thuin.be<\/p>\n<p>071\/ 59 51 53<\/p>\n","protected":false},"excerpt":{"rendered":"<p>L\u2019enseignement inclusif L\u2019Enseignement de Promotion sociale est attentif au bien-\u00eatre de ses \u00e9tudiant\u00b7e\u00b7s. A cet effet, un service d\u2019accueil vous est propos\u00e9 dans chacun de nos \u00e9tablissements du r\u00e9seau WBE. Ce service s\u2019inscrit dans le cadre du d\u00e9cret du 30 juin 2016 relatif \u00e0 l\u2019enseignement de promotion sociale inclusif qui [&hellip;]<\/p>\n","protected":false},"author":1,"featured_media":0,"parent":0,"menu_order":0,"comment_status":"closed","ping_status":"closed","template":"","meta":{"_themeisle_gutenberg_block_has_review":false,"footnotes":""},"class_list":["post-492","page","type-page","status-publish","hentry"],"_links":{"self":[{"href":"https:\/\/eafc-thuin.be\/index.php\/wp-json\/wp\/v2\/pages\/492","targetHints":{"allow":["GET"]}}],"collection":[{"href":"https:\/\/eafc-thuin.be\/index.php\/wp-json\/wp\/v2\/pages"}],"about":[{"href":"https:\/\/eafc-thuin.be\/index.php\/wp-json\/wp\/v2\/types\/page"}],"author":[{"embeddable":true,"href":"https:\/\/eafc-thuin.be\/index.php\/wp-json\/wp\/v2\/users\/1"}],"replies":[{"embeddable":true,"href":"https:\/\/eafc-thuin.be\/index.php\/wp-json\/wp\/v2\/comments?post=492"}],"version-history":[{"count":5,"href":"https:\/\/eafc-thuin.be\/index.php\/wp-json\/wp\/v2\/pages\/492\/revisions"}],"predecessor-version":[{"id":515,"href":"https:\/\/eafc-thuin.be\/index.php\/wp-json\/wp\/v2\/pages\/492\/revisions\/515"}],"wp:attachment":[{"href":"https:\/\/eafc-thuin.be\/index.php\/wp-json\/wp\/v2\/media?parent=492"}],"curies":[{"name":"wp","href":"https:\/\/api.w.org\/{rel}","templated":true}]}}