{"id":494,"date":"2023-04-04T11:58:30","date_gmt":"2023-04-04T11:58:30","guid":{"rendered":"https:\/\/eafc-thuin.be\/?page_id=494"},"modified":"2023-04-11T13:19:19","modified_gmt":"2023-04-11T13:19:19","slug":"accompagnement","status":"publish","type":"page","link":"https:\/\/eafc-thuin.be\/index.php\/accompagnement\/","title":{"rendered":"Accompagnement"},"content":{"rendered":"<p>Ce plan a pour but un accompagnement socio-\u00e9ducatif et m\u00e9thodologique afin :<\/p>\n<p>&#8211; D\u2019aider les \u00e9tudiants, d\u00e8s leur recherche de formations qualifiantes ou autres unit\u00e9s d\u2019enseignement, jusqu\u2019\u00e0 la fin de leur projet voire un peu plus loin pour les formations qualifiantes avec une aide de courte dur\u00e9e de recherche d\u2019emploi.<\/p>\n<p>&#8211; De lutter contre l\u2019abandon en formation. L\u2019\u00e9tudiant est mis au centre de nos pr\u00e9occupations (rem\u00e9diation, intervenants des secteurs professionnels, sortie ext\u00e9rieur en relation avec le milieu professionnel, orientation vers des services sp\u00e9cialis\u00e9s (CPAS, centre de th\u00e9rapie (dys, psychologique) \u2026) et rendu acteur de son parcours.<\/p>\n<p>&#8211; D\u2019harmoniser l\u2019\u00e9valuation selon les acquis d\u2019apprentissage en toute transparence (fiche UE, grille d\u2019\u00e9valuation).<\/p>\n<p>&#8211; De d\u00e9velopper des comp\u00e9tences transversales telles que l\u2019exploitation de l\u2019outil informatique, l\u2019auto \u00e9valuation,<\/p>\n<p>&#8211; De concourir au vivre ensemble.<\/p>\n<p>Afin de soutenir les \u00e9tudiant\u00b7e\u00b7s en difficult\u00e9, notre \u00e9tablissement organise une aide qui peut \u00eatre individualis\u00e9e (aide \u00e0 l\u2019orientation, m\u00e9thode de travail, \u00e9preuves \u00e0 blancs, \u2026)<\/p>\n<p>Pour tout renseignement compl\u00e9mentaire ou pour tout entretien individuel, veuillez contacter l\u2019\u00e9tablissement par mail ou par t\u00e9l\u00e9phone.<\/p>\n<p><span style=\"color: #333399;\"><strong>071\/59 51 53<\/strong><\/span> et\/ou <span style=\"color: #333399;\"><strong>secretariat@eafc-thuin.be<\/strong><\/span><\/p>\n","protected":false},"excerpt":{"rendered":"<p>Ce plan a pour but un accompagnement socio-\u00e9ducatif et m\u00e9thodologique afin : &#8211; D\u2019aider les \u00e9tudiants, d\u00e8s leur recherche de formations qualifiantes ou autres unit\u00e9s d\u2019enseignement, jusqu\u2019\u00e0 la fin de leur projet voire un peu plus loin pour les formations qualifiantes avec une aide de courte dur\u00e9e de recherche d\u2019emploi. [&hellip;]<\/p>\n","protected":false},"author":1,"featured_media":0,"parent":0,"menu_order":0,"comment_status":"closed","ping_status":"closed","template":"","meta":{"_themeisle_gutenberg_block_has_review":false,"footnotes":""},"class_list":["post-494","page","type-page","status-publish","hentry"],"_links":{"self":[{"href":"https:\/\/eafc-thuin.be\/index.php\/wp-json\/wp\/v2\/pages\/494","targetHints":{"allow":["GET"]}}],"collection":[{"href":"https:\/\/eafc-thuin.be\/index.php\/wp-json\/wp\/v2\/pages"}],"about":[{"href":"https:\/\/eafc-thuin.be\/index.php\/wp-json\/wp\/v2\/types\/page"}],"author":[{"embeddable":true,"href":"https:\/\/eafc-thuin.be\/index.php\/wp-json\/wp\/v2\/users\/1"}],"replies":[{"embeddable":true,"href":"https:\/\/eafc-thuin.be\/index.php\/wp-json\/wp\/v2\/comments?post=494"}],"version-history":[{"count":6,"href":"https:\/\/eafc-thuin.be\/index.php\/wp-json\/wp\/v2\/pages\/494\/revisions"}],"predecessor-version":[{"id":516,"href":"https:\/\/eafc-thuin.be\/index.php\/wp-json\/wp\/v2\/pages\/494\/revisions\/516"}],"wp:attachment":[{"href":"https:\/\/eafc-thuin.be\/index.php\/wp-json\/wp\/v2\/media?parent=494"}],"curies":[{"name":"wp","href":"https:\/\/api.w.org\/{rel}","templated":true}]}}