{"id":495,"date":"2023-04-04T11:58:30","date_gmt":"2023-04-04T11:58:30","guid":{"rendered":"https:\/\/eafc-thuin.be\/?page_id=495"},"modified":"2023-04-11T13:22:43","modified_gmt":"2023-04-11T13:22:43","slug":"valorisation-acquise","status":"publish","type":"page","link":"https:\/\/eafc-thuin.be\/index.php\/valorisation-acquise\/","title":{"rendered":"Valorisation des acquis"},"content":{"rendered":"<p>La VA est un processus qui va vous permettre d\u2019acc\u00e9der \u00e0 un programme de formation en valorisant vos comp\u00e9tences. Cette proc\u00e9dure va vous permettre d\u2019\u00eatre dispens\u00e9\u00b7e du suivi de certaines unit\u00e9s d\u2019enseignement et donc de r\u00e9duire la dur\u00e9e de vos \u00e9tudes.<\/p>\n<p>Vous obtiendrez votre dipl\u00f4me en b\u00e9n\u00e9ficiant d\u2019un programme d\u2019\u00e9tudes personnalis\u00e9.<\/p>\n<p>Vous pouvez valoriser les acquis que vous avez obtenus \u00e0 travers un enseignement, une formation, une exp\u00e9rience professionnelle et\/ou personnelle.<\/p>\n<p><strong>Comment et quand introduire un dossier ?<\/strong><\/p>\n<p>Si vous souhaitez valoriser votre exp\u00e9rience professionnelle et\/ou personnelle, vous introduirez un dossier avant le premier dixi\u00e8me de la formation concern\u00e9e (voir calendrier g\u00e9n\u00e9rale de l\u2019offre de formations).<\/p>\n<p>Pour tout renseignement compl\u00e9mentaire ou pour tout entretien individuel, veuillez contacter l\u2019\u00e9tablissement par mail ou par t\u00e9l\u00e9phone.<\/p>\n<p>Pour entrer une demande de VA, il est obligatoire de compl\u00e9ter le document ci-dessous et de le remettre \u00e0 la directrice de l&rsquo;\u00e9tablissement AVANT le d\u00e9but du cours dont vous faites la demande de dispense.<\/p>\n<p style=\"text-align: right;\"><a href=\"https:\/\/eafc-thuin.be\/wp-content\/uploads\/2023\/04\/VA_dossier-etudiant_EAFC-THUIN-.pdf\">CLIQUEZ ICI<\/a>\u00a0pour consulter le dossier de demande \u00e0 compl\u00e9ter<\/p>\n<p>&nbsp;<\/p>\n<p>Votre demande de VA peut provenir d&rsquo;une exp\u00e9rience professionnelle acquise ou d&rsquo;un dipl\u00f4me-formation<\/p>\n","protected":false},"excerpt":{"rendered":"<p>La VA est un processus qui va vous permettre d\u2019acc\u00e9der \u00e0 un programme de formation en valorisant vos comp\u00e9tences. Cette proc\u00e9dure va vous permettre d\u2019\u00eatre dispens\u00e9\u00b7e du suivi de certaines unit\u00e9s d\u2019enseignement et donc de r\u00e9duire la dur\u00e9e de vos \u00e9tudes. Vous obtiendrez votre dipl\u00f4me en b\u00e9n\u00e9ficiant d\u2019un programme d\u2019\u00e9tudes [&hellip;]<\/p>\n","protected":false},"author":1,"featured_media":0,"parent":0,"menu_order":0,"comment_status":"closed","ping_status":"closed","template":"","meta":{"_themeisle_gutenberg_block_has_review":false,"footnotes":""},"class_list":["post-495","page","type-page","status-publish","hentry"],"_links":{"self":[{"href":"https:\/\/eafc-thuin.be\/index.php\/wp-json\/wp\/v2\/pages\/495","targetHints":{"allow":["GET"]}}],"collection":[{"href":"https:\/\/eafc-thuin.be\/index.php\/wp-json\/wp\/v2\/pages"}],"about":[{"href":"https:\/\/eafc-thuin.be\/index.php\/wp-json\/wp\/v2\/types\/page"}],"author":[{"embeddable":true,"href":"https:\/\/eafc-thuin.be\/index.php\/wp-json\/wp\/v2\/users\/1"}],"replies":[{"embeddable":true,"href":"https:\/\/eafc-thuin.be\/index.php\/wp-json\/wp\/v2\/comments?post=495"}],"version-history":[{"count":5,"href":"https:\/\/eafc-thuin.be\/index.php\/wp-json\/wp\/v2\/pages\/495\/revisions"}],"predecessor-version":[{"id":518,"href":"https:\/\/eafc-thuin.be\/index.php\/wp-json\/wp\/v2\/pages\/495\/revisions\/518"}],"wp:attachment":[{"href":"https:\/\/eafc-thuin.be\/index.php\/wp-json\/wp\/v2\/media?parent=495"}],"curies":[{"name":"wp","href":"https:\/\/api.w.org\/{rel}","templated":true}]}}